{"id":15,"date":"2017-04-06T02:51:22","date_gmt":"2017-04-06T05:51:22","guid":{"rendered":"https:\/\/criattivos.com.br\/designgrafico\/?page_id=15"},"modified":"2023-05-01T23:12:45","modified_gmt":"2023-05-02T02:12:45","slug":"criattivos-design-grafico","status":"publish","type":"page","link":"https:\/\/criattivos.com.br\/designgrafico\/criattivos-design-grafico\/","title":{"rendered":"Criattivos"},"content":{"rendered":"\n<p><strong>Quem somos:<\/strong><\/p>\n\n\n\n<p>Com mais de 30 anos de experi\u00eancia, somos um escrit\u00f3rio de Design Gr\u00e1fico e Comunica\u00e7\u00e3o Visual que oferece servi\u00e7os de alta qualidade em impress\u00e3o digital, recorte eletr\u00f4nico e corte CNC laser. Tamb\u00e9m oferecemos servi\u00e7os especializados em Social Media, criando estrat\u00e9gias de marketing digital eficazes para aumentar a visibilidade e engajamento da sua marca nas redes sociais.<\/p>\n\n\n\n<p>Desenvolvemos projetos personalizados para lojas, incluindo logomarcas, vitrines, decora\u00e7\u00e3o e sinaliza\u00e7\u00e3o interna, externa e de ve\u00edculos. Nosso objetivo \u00e9 oferecer um atendimento diferenciado, aliando criatividade, tecnologia e qualidade em todos os nossos projetos.<\/p>\n\n\n\n<p>Conte conosco para transformar a sua ideia em realidade e alcan\u00e7ar o sucesso que voc\u00ea merece!<\/p>\n\n\n\n<p><\/p>\n\n\n\n<p><strong>Foco da empresa:<\/strong><\/p>\n\n\n\n<p>Nosso objetivo \u00e9 criar solu\u00e7\u00f5es de design que atendam \u00e0s necessidades espec\u00edficas de cada cliente. Utilizamos tecnica e habilidades art\u00edsticas para desenvolver projetos exclusivos que destacam a marca de nossos clientes.<\/p>\n\n\n\n<p><\/p>\n\n\n\n<p><strong>Miss\u00e3o da empresa:<\/strong><\/p>\n\n\n\n<p>Compromisso de fornecer servi\u00e7os de alta qualidade com enfoque no atendimento ao cliente. Nosso objetivo \u00e9 sempre superar as expectativas de nossos clientes.<\/p>\n\n\n\n<p><\/p>\n\n\n\n<p><\/p>\n","protected":false},"excerpt":{"rendered":"<p>Quem somos: Com mais de 30 anos de experi\u00eancia, somos um escrit\u00f3rio de Design Gr\u00e1fico e Comunica\u00e7\u00e3o Visual que oferece servi\u00e7os de alta qualidade em&hellip; <\/p>\n","protected":false},"author":1,"featured_media":2751,"parent":0,"menu_order":1,"comment_status":"closed","ping_status":"closed","template":"page-templates\/aboutus-template.php","meta":{"footnotes":""},"_links":{"self":[{"href":"https:\/\/criattivos.com.br\/designgrafico\/wp-json\/wp\/v2\/pages\/15"}],"collection":[{"href":"https:\/\/criattivos.com.br\/designgrafico\/wp-json\/wp\/v2\/pages"}],"about":[{"href":"https:\/\/criattivos.com.br\/designgrafico\/wp-json\/wp\/v2\/types\/page"}],"author":[{"embeddable":true,"href":"https:\/\/criattivos.com.br\/designgrafico\/wp-json\/wp\/v2\/users\/1"}],"replies":[{"embeddable":true,"href":"https:\/\/criattivos.com.br\/designgrafico\/wp-json\/wp\/v2\/comments?post=15"}],"version-history":[{"count":23,"href":"https:\/\/criattivos.com.br\/designgrafico\/wp-json\/wp\/v2\/pages\/15\/revisions"}],"predecessor-version":[{"id":2753,"href":"https:\/\/criattivos.com.br\/designgrafico\/wp-json\/wp\/v2\/pages\/15\/revisions\/2753"}],"wp:featuredmedia":[{"embeddable":true,"href":"https:\/\/criattivos.com.br\/designgrafico\/wp-json\/wp\/v2\/media\/2751"}],"wp:attachment":[{"href":"https:\/\/criattivos.com.br\/designgrafico\/wp-json\/wp\/v2\/media?parent=15"}],"curies":[{"name":"wp","href":"https:\/\/api.w.org\/{rel}","templated":true}]}}