{"id":50,"date":"2017-04-18T02:36:41","date_gmt":"2017-04-18T02:36:41","guid":{"rendered":"https:\/\/criattivos.com.br\/designgrafico\/?page_id=50"},"modified":"2023-05-22T18:52:07","modified_gmt":"2023-05-22T21:52:07","slug":"servicos","status":"publish","type":"page","link":"https:\/\/criattivos.com.br\/designgrafico\/servicos\/","title":{"rendered":"Servi\u00e7os"},"content":{"rendered":"<p><strong>Comunica\u00e7\u00e3o Visual:<\/strong><br \/>\nAdesivos &#8211; Lonas &#8211; Pain\u00e9is &#8211; Sinaliza\u00e7\u00e3o &#8211; Placas PS e Acr\u00edlico &#8211; Decora\u00e7\u00e3o de Paredes &#8211; Material Cenogr\u00e1fico &#8211; Letras Blocos em Acr\u00edlico &#8211; Panfletos &#8211; Cart\u00f5es Tags &#8211; Timbrado &#8211; Tal\u00f5es &#8211; Pasta Documento &#8211; Revista &#8211; Ponto de Venda (PDV): Displays &#8211; Expositores &#8211; Triedro &#8211; Totens &#8211; Ambienta\u00e7\u00e3o de Loja.<\/p>\n<p><strong>Envelopamento:<\/strong><br \/>\nFrota ou Particular; \u00d4nibus &#8211; Caminh\u00f5es &#8211; Carros Motos -Trens Barcos Avi\u00f5es &#8211; Material Personalizado.<br \/>\nVinil Auto Adesivo e Decorativo<\/p>\n<p><strong>Equipamentos:<\/strong> Impress\u00e3o Digital HP L\u00e1tex &#8211; Recorte Eletr\u00f4nico &#8211; Offset &#8211; CNC Laser Corte e Grava\u00e7\u00e3o<\/p>\n<p><strong>Branding:<\/strong><br \/>\nDesign e Cria\u00e7\u00e3o de Logomarcas &#8211; Identidade Visual &#8211; Layouts: Promocionais, Reels, Story, Post &#8211; Capita\u00e7\u00e3o e Edi\u00e7\u00e3o de Fotos e Videos.<\/p>\n<p><strong>Social Media:<br \/>\n<\/strong>Estrat\u00e9gia e Gerenciamento de contas em diferentes plataformas (como Facebook, Instagram, Google),<br \/>\ncria\u00e7\u00e3o de conte\u00fado relevante, programa\u00e7\u00e3o de postagens e intera\u00e7\u00e3o com os usu\u00e1rios.<\/p>\n<p><strong>Desenvolvimento<\/strong>: Planejamento de campanhas &#8211; SEO &#8211; Palavras-chave &#8211; Google Analytics &#8211; An\u00fancios ADS &#8211; Meta Business &#8211; Engajamento &#8211; Tr\u00e1fego Org\u00e2nico e Pago &#8211; Tend\u00eancias de mercado &#8211; Post patrocinado &#8211; Darck Post &#8211; Cria\u00e7\u00e3o de Conte\u00fado &#8211; Bio &#8211; Capa &#8211; Perfil &#8211; Banners &#8211; Post &#8211; Story &#8211; Reels<\/p>\n<p><strong>Website:<\/strong><br \/>\nDom\u00ednio &#8211; Hospedagem &#8211; Cria\u00e7\u00e3o de Site desenvolvimento em WordPress.<\/p>\n","protected":false},"excerpt":{"rendered":"<p>Comunica\u00e7\u00e3o Visual: Adesivos &#8211; Lonas &#8211; Pain\u00e9is &#8211; Sinaliza\u00e7\u00e3o &#8211; Placas PS e Acr\u00edlico &#8211; Decora\u00e7\u00e3o de Paredes &#8211; Material Cenogr\u00e1fico &#8211; Letras Blocos em&hellip; <\/p>\n","protected":false},"author":1,"featured_media":2748,"parent":0,"menu_order":2,"comment_status":"closed","ping_status":"closed","template":"page-templates\/aboutus-template.php","meta":{"footnotes":""},"_links":{"self":[{"href":"https:\/\/criattivos.com.br\/designgrafico\/wp-json\/wp\/v2\/pages\/50"}],"collection":[{"href":"https:\/\/criattivos.com.br\/designgrafico\/wp-json\/wp\/v2\/pages"}],"about":[{"href":"https:\/\/criattivos.com.br\/designgrafico\/wp-json\/wp\/v2\/types\/page"}],"author":[{"embeddable":true,"href":"https:\/\/criattivos.com.br\/designgrafico\/wp-json\/wp\/v2\/users\/1"}],"replies":[{"embeddable":true,"href":"https:\/\/criattivos.com.br\/designgrafico\/wp-json\/wp\/v2\/comments?post=50"}],"version-history":[{"count":9,"href":"https:\/\/criattivos.com.br\/designgrafico\/wp-json\/wp\/v2\/pages\/50\/revisions"}],"predecessor-version":[{"id":2799,"href":"https:\/\/criattivos.com.br\/designgrafico\/wp-json\/wp\/v2\/pages\/50\/revisions\/2799"}],"wp:featuredmedia":[{"embeddable":true,"href":"https:\/\/criattivos.com.br\/designgrafico\/wp-json\/wp\/v2\/media\/2748"}],"wp:attachment":[{"href":"https:\/\/criattivos.com.br\/designgrafico\/wp-json\/wp\/v2\/media?parent=50"}],"curies":[{"name":"wp","href":"https:\/\/api.w.org\/{rel}","templated":true}]}}